{"id":4301,"date":"2022-10-11T14:46:53","date_gmt":"2022-10-11T14:46:53","guid":{"rendered":"https:\/\/wellr.se\/?page_id=4301"},"modified":"2025-01-15T08:19:19","modified_gmt":"2025-01-15T08:19:19","slug":"cookies","status":"publish","type":"page","link":"https:\/\/wellr.se\/no\/cookies\/","title":{"rendered":"Cookies"},"content":{"rendered":"<section class=\"my-30\">\n    <div class=\"container text-left\">\n        <div class=\"max-w-[800px] \">\n            <h1 class=\"heading-xl mb-6 text-black\">Cookies<\/h1>\n        <\/div>\n        <div class=\"inline-content max-w-[600px] mb-6 \">\n                    <\/div>\n            <\/div>\n<\/section>\n\n<section class=\"my-30\">\n    <div class=\"container\">\n        <div class=\"inline-content\">\n            <style type=\"text\/css\" nonce=\"qdedEVh+EPaXGzvy7vhh0vgoPlg=\">\n                .CookieDeclaration > * {\n                    max-width: 600px;\n                }\n                .CookieDeclaration .CookieDeclarationType {\n                    max-width: none;\n                }\n            <\/style>\n            <script id=\"CookieDeclaration\" src=\"https:\/\/consent.cookiebot.com\/093f8d42-8d77-4b06-9aac-ccac8ecb7670\/cd.js\" type=\"text\/javascript\" async nonce=\"qdedEVh+EPaXGzvy7vhh0vgoPlg=\"><\/script>\n        <\/div>\n    <\/div>\n<\/section>","protected":false},"excerpt":{"rendered":"","protected":false},"author":2,"featured_media":0,"parent":0,"menu_order":0,"comment_status":"closed","ping_status":"closed","template":"","meta":{"_acf_changed":false,"footnotes":""},"class_list":["post-4301","page","type-page","status-publish","hentry"],"acf":[],"yoast_head":"<!-- This site is optimized with the Yoast SEO plugin v27.5 - https:\/\/yoast.com\/product\/yoast-seo-wordpress\/ -->\n<title>Cookies - Wellr<\/title>\n<meta name=\"robots\" content=\"index, follow, max-snippet:-1, max-image-preview:large, max-video-preview:-1\" \/>\n<link rel=\"canonical\" href=\"https:\/\/wellr.se\/no\/cookies\/\" \/>\n<meta property=\"og:locale\" content=\"nb_NO\" \/>\n<meta property=\"og:type\" content=\"article\" \/>\n<meta property=\"og:title\" content=\"Cookies - Wellr\" \/>\n<meta property=\"og:url\" content=\"https:\/\/wellr.se\/no\/cookies\/\" \/>\n<meta property=\"og:site_name\" content=\"Wellr\" \/>\n<meta property=\"article:modified_time\" content=\"2025-01-15T08:19:19+00:00\" \/>\n<meta name=\"twitter:card\" content=\"summary_large_image\" \/>\n<script type=\"application\/ld+json\" class=\"yoast-schema-graph\">{\"@context\":\"https:\\\/\\\/schema.org\",\"@graph\":[{\"@type\":\"WebPage\",\"@id\":\"https:\\\/\\\/wellr.se\\\/no\\\/cookies\\\/\",\"url\":\"https:\\\/\\\/wellr.se\\\/no\\\/cookies\\\/\",\"name\":\"Cookies - Wellr\",\"isPartOf\":{\"@id\":\"https:\\\/\\\/wellr.se\\\/#website\"},\"datePublished\":\"2022-10-11T14:46:53+00:00\",\"dateModified\":\"2025-01-15T08:19:19+00:00\",\"breadcrumb\":{\"@id\":\"https:\\\/\\\/wellr.se\\\/no\\\/cookies\\\/#breadcrumb\"},\"inLanguage\":\"nb-NO\",\"potentialAction\":[{\"@type\":\"ReadAction\",\"target\":[\"https:\\\/\\\/wellr.se\\\/no\\\/cookies\\\/\"]}]},{\"@type\":\"BreadcrumbList\",\"@id\":\"https:\\\/\\\/wellr.se\\\/no\\\/cookies\\\/#breadcrumb\",\"itemListElement\":[{\"@type\":\"ListItem\",\"position\":1,\"name\":\"Home\",\"item\":\"https:\\\/\\\/wellr.se\\\/no\\\/\"},{\"@type\":\"ListItem\",\"position\":2,\"name\":\"Cookies\"}]},{\"@type\":\"WebSite\",\"@id\":\"https:\\\/\\\/wellr.se\\\/#website\",\"url\":\"https:\\\/\\\/wellr.se\\\/\",\"name\":\"Wellr\",\"description\":\"Ett friskt f\u00f6retag b\u00f6rjar med friska m\u00e4nniskor\",\"potentialAction\":[{\"@type\":\"SearchAction\",\"target\":{\"@type\":\"EntryPoint\",\"urlTemplate\":\"https:\\\/\\\/wellr.se\\\/?s={search_term_string}\"},\"query-input\":{\"@type\":\"PropertyValueSpecification\",\"valueRequired\":true,\"valueName\":\"search_term_string\"}}],\"inLanguage\":\"nb-NO\"}]}<\/script>\n<!-- \/ Yoast SEO plugin. -->","yoast_head_json":{"title":"Cookies - Wellr","robots":{"index":"index","follow":"follow","max-snippet":"max-snippet:-1","max-image-preview":"max-image-preview:large","max-video-preview":"max-video-preview:-1"},"canonical":"https:\/\/wellr.se\/no\/cookies\/","og_locale":"nb_NO","og_type":"article","og_title":"Cookies - Wellr","og_url":"https:\/\/wellr.se\/no\/cookies\/","og_site_name":"Wellr","article_modified_time":"2025-01-15T08:19:19+00:00","twitter_card":"summary_large_image","schema":{"@context":"https:\/\/schema.org","@graph":[{"@type":"WebPage","@id":"https:\/\/wellr.se\/no\/cookies\/","url":"https:\/\/wellr.se\/no\/cookies\/","name":"Cookies - Wellr","isPartOf":{"@id":"https:\/\/wellr.se\/#website"},"datePublished":"2022-10-11T14:46:53+00:00","dateModified":"2025-01-15T08:19:19+00:00","breadcrumb":{"@id":"https:\/\/wellr.se\/no\/cookies\/#breadcrumb"},"inLanguage":"nb-NO","potentialAction":[{"@type":"ReadAction","target":["https:\/\/wellr.se\/no\/cookies\/"]}]},{"@type":"BreadcrumbList","@id":"https:\/\/wellr.se\/no\/cookies\/#breadcrumb","itemListElement":[{"@type":"ListItem","position":1,"name":"Home","item":"https:\/\/wellr.se\/no\/"},{"@type":"ListItem","position":2,"name":"Cookies"}]},{"@type":"WebSite","@id":"https:\/\/wellr.se\/#website","url":"https:\/\/wellr.se\/","name":"Wellr","description":"Ett friskt f\u00f6retag b\u00f6rjar med friska m\u00e4nniskor","potentialAction":[{"@type":"SearchAction","target":{"@type":"EntryPoint","urlTemplate":"https:\/\/wellr.se\/?s={search_term_string}"},"query-input":{"@type":"PropertyValueSpecification","valueRequired":true,"valueName":"search_term_string"}}],"inLanguage":"nb-NO"}]}},"_links":{"self":[{"href":"https:\/\/wellr.se\/no\/wp-json\/wp\/v2\/pages\/4301","targetHints":{"allow":["GET"]}}],"collection":[{"href":"https:\/\/wellr.se\/no\/wp-json\/wp\/v2\/pages"}],"about":[{"href":"https:\/\/wellr.se\/no\/wp-json\/wp\/v2\/types\/page"}],"author":[{"embeddable":true,"href":"https:\/\/wellr.se\/no\/wp-json\/wp\/v2\/users\/2"}],"replies":[{"embeddable":true,"href":"https:\/\/wellr.se\/no\/wp-json\/wp\/v2\/comments?post=4301"}],"version-history":[{"count":1,"href":"https:\/\/wellr.se\/no\/wp-json\/wp\/v2\/pages\/4301\/revisions"}],"predecessor-version":[{"id":4302,"href":"https:\/\/wellr.se\/no\/wp-json\/wp\/v2\/pages\/4301\/revisions\/4302"}],"wp:attachment":[{"href":"https:\/\/wellr.se\/no\/wp-json\/wp\/v2\/media?parent=4301"}],"curies":[{"name":"wp","href":"https:\/\/api.w.org\/{rel}","templated":true}]}}